{"id":2913,"date":"2021-09-09T11:35:52","date_gmt":"2021-09-09T11:35:52","guid":{"rendered":"http:\/\/localhost\/lixer\/?page_id=5"},"modified":"2025-01-26T08:41:45","modified_gmt":"2025-01-26T08:41:45","slug":"creative-portfolio","status":"publish","type":"page","link":"https:\/\/alfredoferes.com\/","title":{"rendered":"Home"},"content":{"rendered":"\t\t<div data-elementor-type=\"wp-page\" data-elementor-id=\"2913\" class=\"elementor elementor-2913\">\n\t\t\t\t\t\t<section class=\"elementor-section elementor-top-section elementor-element elementor-element-518955a elementor-section-full_width elementor-section-height-default elementor-section-height-default\" data-id=\"518955a\" data-element_type=\"section\" data-settings=\"{&quot;background_background&quot;:&quot;classic&quot;}\">\n\t\t\t\t\t\t<div class=\"elementor-container elementor-column-gap-no\">\n\t\t\t\t\t<div class=\"elementor-column elementor-col-100 elementor-top-column elementor-element elementor-element-62744c8\" data-id=\"62744c8\" data-element_type=\"column\">\n\t\t\t<div class=\"elementor-widget-wrap\">\n\t\t\t\t\t\t\t<\/div>\n\t\t<\/div>\n\t\t\t\t\t<\/div>\n\t\t<\/section>\n\t\t\t\t<section class=\"elementor-section elementor-top-section elementor-element elementor-element-cab007f elementor-section-full_width elementor-section-height-default elementor-section-height-default\" data-id=\"cab007f\" data-element_type=\"section\">\n\t\t\t\t\t\t<div class=\"elementor-container elementor-column-gap-no\">\n\t\t\t\t\t<div class=\"elementor-column elementor-col-100 elementor-top-column elementor-element elementor-element-4e0303e\" data-id=\"4e0303e\" data-element_type=\"column\">\n\t\t\t<div class=\"elementor-widget-wrap elementor-element-populated\">\n\t\t\t\t\t\t<div class=\"elementor-element elementor-element-8bfd03e elementor-widget elementor-widget-Elementor-About-widget\" data-id=\"8bfd03e\" data-element_type=\"widget\" data-widget_type=\"Elementor-About-widget.default\">\n\t\t\t\t<div class=\"elementor-widget-container\">\n\t\t\t\t\t<!-- about-area -->\n<section id=\"about\" class=\"about-area2 about-p pt-120 pb-120 p-relative fix\">\n    <div class=\"container\">\n        <div class=\"row align-items-center\">\n            <div class=\"col-lg-6 col-md-12 col-sm-12\">\n                <div class=\"s-about-img2 p-relative  wow fadeInLeft  animated\"   data-animation=\"fadeInLeft\" data-delay=\".4s\">\n                   <img decoding=\"async\" src=\"https:\/\/alfredoferes.com\/wp-content\/uploads\/2025\/01\/modelado-3d-ilustracion-concept-art-freelance-alfredo-feres-fredy.png\" alt=\"https:\/\/alfredoferes.com\/wp-content\/uploads\/2025\/01\/modelado-3d-ilustracion-concept-art-freelance-alfredo-feres-fredy.png\">  \n                    <div class=\"about-text second-about\">\n                        <div class=\"all-text\">\n                        <span>Desde Ilustracion Digital hasta Modelado 3D<\/span>\n                        <\/div>\n                    <\/div>\n                <\/div>\n            <\/div>\n            <div class=\"col-lg-6 col-md-12 col-sm-12\">\n                <div class=\"about-content s-about-content  wow fadeInRight  animated\" data-animation=\"fadeInRight\" data-delay=\".4s\">\n                    <div class=\"about-title second-atitle pb-50\">\n                        <div class=\"line-animations mb-20\"><div class=\"line-bg\"><\/div><\/div>\n                        <h2> Talent that\u2019s changing the way <span>creatives<\/span><\/h2>   \n                    <\/div>\n                    <div class=\"row\">\n                        <div class=\"col-lg-7\">\n                            <h3 class=\"mb-30\">My Goals<\/h3>\n                            <p>Pi\u00e9nsale en un rollo de estos renglones e of control that you feel in your life, your capacity to influence your own thoughts and behavior, and have faith in your ability to handle a wide range of tasks and situations.<\/p>                            \n                        <\/div>\n                          <div class=\"col-lg-5\">\n                            <h3 class=\"mb-30\">Software<\/h3>\n                            <p>\n                   Photoshop <br> Maya <br> Substance Painter <br> ZBrush \n                        <\/div>\n\n                    <\/div>\n                <\/div>\n            <\/div>\n        <\/div>\n    <\/div>\n<\/section>\n<!-- about-area-end -->\t\t\t\t<\/div>\n\t\t\t\t<\/div>\n\t\t\t\t<div class=\"elementor-element elementor-element-427db6b elementor-widget elementor-widget-Elementor-Header-widget\" data-id=\"427db6b\" data-element_type=\"widget\" data-widget_type=\"Elementor-Header-widget.default\">\n\t\t\t\t<div class=\"elementor-widget-container\">\n\t\t\t\t\t<!-- slider-area -->\r\n    <section id=\"parallax\" class=\"slider-area slider-bg second-slider-bg fix\">\r\n       <div class=\"slider-shape ss-one layer\" data-depth=\"0.10\"><img decoding=\"async\" src=\"https:\/\/alfredoferes.com\/wp-content\/uploads\/2021\/09\/slider_shape01.png\" alt=\"https:\/\/alfredoferes.com\/wp-content\/uploads\/2021\/09\/slider_shape01.png\"><\/div>\r\n       <div class=\"slider-shape ss-two layer\" data-depth=\"0.30\"><img decoding=\"async\" src=\"https:\/\/alfredoferes.com\/wp-content\/uploads\/2021\/09\/slider_shape02.png\" alt=\"https:\/\/alfredoferes.com\/wp-content\/uploads\/2021\/09\/slider_shape02.png\"><\/div>\r\n       <div class=\"text-bg-slider\"><\/div>\r\n       <div class=\"slider-shape ss-eight layer\" data-depth=\"0.50\"><img decoding=\"async\" src=\"https:\/\/alfredoferes.com\/wp-content\/uploads\/2025\/01\/modelado-3d-ilustracion-concept-art-freelance-alfredo-feres-fredy.png\" alt=\"https:\/\/alfredoferes.com\/wp-content\/uploads\/2025\/01\/modelado-3d-ilustracion-concept-art-freelance-alfredo-feres-fredy.png\"><\/div>\r\n        <div class=\"slider-active\">\r\n            <div class=\"single-slider slider-bg d-flex align-items-center p-relative\" >                  \r\n                <div class=\"container\">                            \r\n                   <div class=\"row justify-content-center align-items-center\">\r\n                        <div class=\"col-lg-6 col-md-6\">\r\n                            <div class=\"slider-content s-slider-content\">\r\n                                <div class=\"line-animations mb-20\"><div class=\"line-bg\"><\/div><\/div>\r\n                                 <h2 data-animation=\"fadeInUp\" data-delay=\".4s\">Ilustracion, Modelado 3D, Concept Art<\/h2>\r\n                                <p data-animation=\"fadeInUp\" data-delay=\".6s\">Freelance <\/p>\r\n                                 <div class=\"slider-btn mt-30\" data-animation=\"fadeInUp\" data-delay=\".4s\">     \r\n                                     <a href=\"mailto:fredyferes@hotmail.com\" class=\"btn ss-btn\"><span>Contact Me<\/span> <\/a>\r\n                                <\/div>        \r\n                            <\/div>\r\n                        <\/div>\r\n                        <div class=\"col-lg-6 col-md-6\"><\/div>\r\n                    <\/div>\r\n                <\/div>\r\n            <\/div>\r\n        <\/div>\r\n    <\/section>\r\n<!-- slider-area-end -->\t\t\t\t<\/div>\n\t\t\t\t<\/div>\n\t\t\t\t\t<\/div>\n\t\t<\/div>\n\t\t\t\t\t<\/div>\n\t\t<\/section>\n\t\t\t\t<section class=\"elementor-section elementor-top-section elementor-element elementor-element-67c8ee6a elementor-section-full_width elementor-section-height-default elementor-section-height-default\" data-id=\"67c8ee6a\" data-element_type=\"section\">\n\t\t\t\t\t\t<div class=\"elementor-container elementor-column-gap-default\">\n\t\t\t\t\t<div class=\"elementor-column elementor-col-33 elementor-top-column elementor-element elementor-element-2e192cc4\" data-id=\"2e192cc4\" data-element_type=\"column\">\n\t\t\t<div class=\"elementor-widget-wrap elementor-element-populated\">\n\t\t\t\t\t\t<div class=\"elementor-element elementor-element-5d1144a elementor-widget elementor-widget-heading\" data-id=\"5d1144a\" data-element_type=\"widget\" data-widget_type=\"heading.default\">\n\t\t\t\t<div class=\"elementor-widget-container\">\n\t\t\t\t\t<h2 class=\"elementor-heading-title elementor-size-default\">DIBUJO A L\u00c1PIZ<\/h2>\t\t\t\t<\/div>\n\t\t\t\t<\/div>\n\t\t\t\t<div class=\"elementor-element elementor-element-e5b9718 elementor-widget elementor-widget-image\" data-id=\"e5b9718\" data-element_type=\"widget\" data-widget_type=\"image.default\">\n\t\t\t\t<div class=\"elementor-widget-container\">\n\t\t\t\t\t\t\t\t\t\t\t\t\t\t\t<img fetchpriority=\"high\" decoding=\"async\" width=\"640\" height=\"829\" src=\"https:\/\/alfredoferes.com\/wp-content\/uploads\/2025\/01\/Portafolio_Alfredo_Feres_Chevaile_2022_page-0032-791x1024.jpg\" class=\"attachment-large size-large wp-image-3083\" alt=\"\" srcset=\"https:\/\/alfredoferes.com\/wp-content\/uploads\/2025\/01\/Portafolio_Alfredo_Feres_Chevaile_2022_page-0032-791x1024.jpg 791w, https:\/\/alfredoferes.com\/wp-content\/uploads\/2025\/01\/Portafolio_Alfredo_Feres_Chevaile_2022_page-0032-232x300.jpg 232w, https:\/\/alfredoferes.com\/wp-content\/uploads\/2025\/01\/Portafolio_Alfredo_Feres_Chevaile_2022_page-0032-768x994.jpg 768w, https:\/\/alfredoferes.com\/wp-content\/uploads\/2025\/01\/Portafolio_Alfredo_Feres_Chevaile_2022_page-0032-1187x1536.jpg 1187w, https:\/\/alfredoferes.com\/wp-content\/uploads\/2025\/01\/Portafolio_Alfredo_Feres_Chevaile_2022_page-0032.jpg 1275w\" sizes=\"(max-width: 640px) 100vw, 640px\" \/>\t\t\t\t\t\t\t\t\t\t\t\t\t\t\t<\/div>\n\t\t\t\t<\/div>\n\t\t\t\t<div class=\"elementor-element elementor-element-17530b3 elementor-align-center elementor-widget elementor-widget-button\" data-id=\"17530b3\" data-element_type=\"widget\" data-widget_type=\"button.default\">\n\t\t\t\t<div class=\"elementor-widget-container\">\n\t\t\t\t\t\t\t\t\t<div class=\"elementor-button-wrapper\">\n\t\t\t\t\t<a class=\"elementor-button elementor-button-link elementor-size-sm\" href=\"#\">\n\t\t\t\t\t\t<span class=\"elementor-button-content-wrapper\">\n\t\t\t\t\t\t\t\t\t<span class=\"elementor-button-text\">VER M\u00c1S<\/span>\n\t\t\t\t\t<\/span>\n\t\t\t\t\t<\/a>\n\t\t\t\t<\/div>\n\t\t\t\t\t\t\t\t<\/div>\n\t\t\t\t<\/div>\n\t\t\t\t\t<\/div>\n\t\t<\/div>\n\t\t\t\t<div class=\"elementor-column elementor-col-33 elementor-top-column elementor-element elementor-element-1d4ad0c\" data-id=\"1d4ad0c\" data-element_type=\"column\">\n\t\t\t<div class=\"elementor-widget-wrap elementor-element-populated\">\n\t\t\t\t\t\t<div class=\"elementor-element elementor-element-a9e9016 elementor-widget elementor-widget-heading\" data-id=\"a9e9016\" data-element_type=\"widget\" data-widget_type=\"heading.default\">\n\t\t\t\t<div class=\"elementor-widget-container\">\n\t\t\t\t\t<h2 class=\"elementor-heading-title elementor-size-default\">DIBUJO DIGITAL<\/h2>\t\t\t\t<\/div>\n\t\t\t\t<\/div>\n\t\t\t\t<div class=\"elementor-element elementor-element-b3de970 elementor-widget elementor-widget-image\" data-id=\"b3de970\" data-element_type=\"widget\" data-widget_type=\"image.default\">\n\t\t\t\t<div class=\"elementor-widget-container\">\n\t\t\t\t\t\t\t\t\t\t\t\t\t\t\t<img decoding=\"async\" width=\"640\" height=\"829\" src=\"https:\/\/alfredoferes.com\/wp-content\/uploads\/2025\/01\/Portafolio_Alfredo_Feres_Chevaile_2022_page-0002-791x1024.jpg\" class=\"attachment-large size-large wp-image-3032\" alt=\"\" srcset=\"https:\/\/alfredoferes.com\/wp-content\/uploads\/2025\/01\/Portafolio_Alfredo_Feres_Chevaile_2022_page-0002-791x1024.jpg 791w, https:\/\/alfredoferes.com\/wp-content\/uploads\/2025\/01\/Portafolio_Alfredo_Feres_Chevaile_2022_page-0002-232x300.jpg 232w, https:\/\/alfredoferes.com\/wp-content\/uploads\/2025\/01\/Portafolio_Alfredo_Feres_Chevaile_2022_page-0002-768x994.jpg 768w, https:\/\/alfredoferes.com\/wp-content\/uploads\/2025\/01\/Portafolio_Alfredo_Feres_Chevaile_2022_page-0002-1187x1536.jpg 1187w, https:\/\/alfredoferes.com\/wp-content\/uploads\/2025\/01\/Portafolio_Alfredo_Feres_Chevaile_2022_page-0002.jpg 1275w\" sizes=\"(max-width: 640px) 100vw, 640px\" \/>\t\t\t\t\t\t\t\t\t\t\t\t\t\t\t<\/div>\n\t\t\t\t<\/div>\n\t\t\t\t<div class=\"elementor-element elementor-element-e322c0e elementor-align-center elementor-widget elementor-widget-button\" data-id=\"e322c0e\" data-element_type=\"widget\" data-widget_type=\"button.default\">\n\t\t\t\t<div class=\"elementor-widget-container\">\n\t\t\t\t\t\t\t\t\t<div class=\"elementor-button-wrapper\">\n\t\t\t\t\t<a class=\"elementor-button elementor-button-link elementor-size-sm\" href=\"#\">\n\t\t\t\t\t\t<span class=\"elementor-button-content-wrapper\">\n\t\t\t\t\t\t\t\t\t<span class=\"elementor-button-text\">VER M\u00c1S<\/span>\n\t\t\t\t\t<\/span>\n\t\t\t\t\t<\/a>\n\t\t\t\t<\/div>\n\t\t\t\t\t\t\t\t<\/div>\n\t\t\t\t<\/div>\n\t\t\t\t\t<\/div>\n\t\t<\/div>\n\t\t\t\t<div class=\"elementor-column elementor-col-33 elementor-top-column elementor-element elementor-element-68109c5\" data-id=\"68109c5\" data-element_type=\"column\">\n\t\t\t<div class=\"elementor-widget-wrap elementor-element-populated\">\n\t\t\t\t\t\t<div class=\"elementor-element elementor-element-864cac0 elementor-widget elementor-widget-heading\" data-id=\"864cac0\" data-element_type=\"widget\" data-widget_type=\"heading.default\">\n\t\t\t\t<div class=\"elementor-widget-container\">\n\t\t\t\t\t<h2 class=\"elementor-heading-title elementor-size-default\">MODELADO 3D<\/h2>\t\t\t\t<\/div>\n\t\t\t\t<\/div>\n\t\t\t\t<div class=\"elementor-element elementor-element-75d0790 elementor-widget elementor-widget-image\" data-id=\"75d0790\" data-element_type=\"widget\" data-widget_type=\"image.default\">\n\t\t\t\t<div class=\"elementor-widget-container\">\n\t\t\t\t\t\t\t\t\t\t\t\t\t\t\t<img decoding=\"async\" width=\"640\" height=\"829\" src=\"https:\/\/alfredoferes.com\/wp-content\/uploads\/2025\/01\/Portafolio_Alfredo_Feres_Chevaile_modelado_3d-791x1024.jpg\" class=\"attachment-large size-large wp-image-3097\" alt=\"\" srcset=\"https:\/\/alfredoferes.com\/wp-content\/uploads\/2025\/01\/Portafolio_Alfredo_Feres_Chevaile_modelado_3d-791x1024.jpg 791w, https:\/\/alfredoferes.com\/wp-content\/uploads\/2025\/01\/Portafolio_Alfredo_Feres_Chevaile_modelado_3d-232x300.jpg 232w, https:\/\/alfredoferes.com\/wp-content\/uploads\/2025\/01\/Portafolio_Alfredo_Feres_Chevaile_modelado_3d-768x994.jpg 768w, https:\/\/alfredoferes.com\/wp-content\/uploads\/2025\/01\/Portafolio_Alfredo_Feres_Chevaile_modelado_3d-1187x1536.jpg 1187w, https:\/\/alfredoferes.com\/wp-content\/uploads\/2025\/01\/Portafolio_Alfredo_Feres_Chevaile_modelado_3d.jpg 1275w\" sizes=\"(max-width: 640px) 100vw, 640px\" \/>\t\t\t\t\t\t\t\t\t\t\t\t\t\t\t<\/div>\n\t\t\t\t<\/div>\n\t\t\t\t<div class=\"elementor-element elementor-element-a58cad0 elementor-align-center elementor-widget elementor-widget-button\" data-id=\"a58cad0\" data-element_type=\"widget\" data-widget_type=\"button.default\">\n\t\t\t\t<div class=\"elementor-widget-container\">\n\t\t\t\t\t\t\t\t\t<div class=\"elementor-button-wrapper\">\n\t\t\t\t\t<a class=\"elementor-button elementor-button-link elementor-size-sm\" href=\"#\">\n\t\t\t\t\t\t<span class=\"elementor-button-content-wrapper\">\n\t\t\t\t\t\t\t\t\t<span class=\"elementor-button-text\">VER M\u00c1S<\/span>\n\t\t\t\t\t<\/span>\n\t\t\t\t\t<\/a>\n\t\t\t\t<\/div>\n\t\t\t\t\t\t\t\t<\/div>\n\t\t\t\t<\/div>\n\t\t\t\t\t<\/div>\n\t\t<\/div>\n\t\t\t\t\t<\/div>\n\t\t<\/section>\n\t\t\t\t<section class=\"elementor-section elementor-top-section elementor-element elementor-element-9163fd2 elementor-section-full_width elementor-section-height-default elementor-section-height-default\" data-id=\"9163fd2\" data-element_type=\"section\">\n\t\t\t\t\t\t<div class=\"elementor-container elementor-column-gap-no\">\n\t\t\t\t\t<div class=\"elementor-column elementor-col-100 elementor-top-column elementor-element elementor-element-9ddbd4e\" data-id=\"9ddbd4e\" data-element_type=\"column\">\n\t\t\t<div class=\"elementor-widget-wrap elementor-element-populated\">\n\t\t\t\t\t\t<div class=\"elementor-element elementor-element-b3f512c elementor-widget elementor-widget-Elementor-team\" data-id=\"b3f512c\" data-element_type=\"widget\" data-widget_type=\"Elementor-team.default\">\n\t\t\t\t<div class=\"elementor-widget-container\">\n\t\t\t\t\t\n<!-- team-area -->\n<section id=\"team\" class=\"team-area2\">             \n    <div class=\"container-fluid\">   \n        <div class=\"row\">\n               \n\n        <\/div>\n    <\/div>\n<\/section>\n<!-- team-area-end -->  \n               \t\t\t\t<\/div>\n\t\t\t\t<\/div>\n\t\t\t\t\t<\/div>\n\t\t<\/div>\n\t\t\t\t\t<\/div>\n\t\t<\/section>\n\t\t\t\t<section class=\"elementor-section elementor-top-section elementor-element elementor-element-11bfa82 elementor-section-full_width elementor-section-height-default elementor-section-height-default\" data-id=\"11bfa82\" data-element_type=\"section\">\n\t\t\t\t\t\t<div class=\"elementor-container elementor-column-gap-no\">\n\t\t\t\t\t<div class=\"elementor-column elementor-col-100 elementor-top-column elementor-element elementor-element-d430d73\" data-id=\"d430d73\" data-element_type=\"column\">\n\t\t\t<div class=\"elementor-widget-wrap elementor-element-populated\">\n\t\t\t\t\t\t<div class=\"elementor-element elementor-element-1ab378a elementor-widget elementor-widget-html\" data-id=\"1ab378a\" data-element_type=\"widget\" data-widget_type=\"html.default\">\n\t\t\t\t<div class=\"elementor-widget-container\">\n\t\t\t\t\t<div class=\"sketchfab-embed-wrapper\"> <iframe title=\"Fantasy Weapon - The Gunblade\" frameborder=\"0\" allowfullscreen mozallowfullscreen=\"true\" webkitallowfullscreen=\"true\" allow=\"autoplay; fullscreen; xr-spatial-tracking\" xr-spatial-tracking execution-while-out-of-viewport execution-while-not-rendered web-share src=\"https:\/\/sketchfab.com\/models\/810f1e48820548a685e1d0432599dc50\/embed?autospin=1&autostart=1\"> <\/iframe> <p style=\"font-size: 13px; font-weight: normal; margin: 5px; color: #4A4A4A;\"> <a href=\"https:\/\/sketchfab.com\/3d-models\/fantasy-weapon-the-gunblade-810f1e48820548a685e1d0432599dc50?utm_medium=embed&utm_campaign=share-popup&utm_content=810f1e48820548a685e1d0432599dc50\" target=\"_blank\" rel=\"nofollow\" style=\"font-weight: bold; color: #1CAAD9;\"> Fantasy Weapon - The Gunblade <\/a> by <a href=\"https:\/\/sketchfab.com\/AlfredoFeres?utm_medium=embed&utm_campaign=share-popup&utm_content=810f1e48820548a685e1d0432599dc50\" target=\"_blank\" rel=\"nofollow\" style=\"font-weight: bold; color: #1CAAD9;\"> AlfredoFeres <\/a> on <a href=\"https:\/\/sketchfab.com?utm_medium=embed&utm_campaign=share-popup&utm_content=810f1e48820548a685e1d0432599dc50\" target=\"_blank\" rel=\"nofollow\" style=\"font-weight: bold; color: #1CAAD9;\">Sketchfab<\/a><\/p><\/div>\t\t\t\t<\/div>\n\t\t\t\t<\/div>\n\t\t\t\t\t<\/div>\n\t\t<\/div>\n\t\t\t\t\t<\/div>\n\t\t<\/section>\n\t\t\t\t<section class=\"elementor-section elementor-top-section elementor-element elementor-element-d4e020b elementor-section-full_width elementor-section-height-default elementor-section-height-default\" data-id=\"d4e020b\" data-element_type=\"section\">\n\t\t\t\t\t\t<div class=\"elementor-container elementor-column-gap-no\">\n\t\t\t\t\t<div class=\"elementor-column elementor-col-100 elementor-top-column elementor-element elementor-element-c1ea562\" data-id=\"c1ea562\" data-element_type=\"column\">\n\t\t\t<div class=\"elementor-widget-wrap elementor-element-populated\">\n\t\t\t\t\t\t<div class=\"elementor-element elementor-element-15aec3c elementor-widget elementor-widget-Elementor-skill-widget\" data-id=\"15aec3c\" data-element_type=\"widget\" data-widget_type=\"Elementor-skill-widget.default\">\n\t\t\t\t<div class=\"elementor-widget-container\">\n\t\t\t\t\t\r\n\r\n<!-- skill-area -->\r\n<section id=\"skill\" class=\"skill-area pt-120 pb-90 p-relative brl\">\r\n    <div class=\"container\">\r\n        <div class=\"row\">\r\n             <div class=\"col-lg-6 col-md-12 col-sm-12 pr-30\">\r\n                 <div class=\"line-animations mb-20\"><div class=\"line-bg\"><\/div><\/div>\r\n              <div class=\"skills-title second-atitle pb-20\">                               \r\n                        <h2>A illustration created to excite <span>people<\/span><\/h2>                                  \r\n                    <\/div>\r\n                   <p>Agency is the sense of control that you feel in your life, your capacity to influence your own thoughts and behavior, and have faith in your ability to handle a wide range of tasks and situations. Your sense of agency helps you to be psychologically stable, yet flexible.<\/p>\n                              <div class=\"slider-btn mt-30\">     \n        <\/div>    \r\n            <\/div>\r\n            <div class=\"col-lg-6 col-md-12 col-sm-12\">\r\n                <div class=\"skills-content s-about-content\">\r\n                     <div class=\"skills-content s-about-content mt-60\">\r\n                    <div class=\"skills\">\r\n                                                                            <div class=\"skill mb-60\">\r\n                              <div class=\"skill-name\"><strong>Ilustracion<\/strong><\/div>\r\n                              <div class=\"skill-bar\">\r\n                                <div class=\"skill-per\" id=\"74\"><\/div>\r\n                              <\/div>\r\n                            <\/div>\r\n                                                 <div class=\"skill mb-60\">\r\n                              <div class=\"skill-name\"><strong>Modelado 3D<\/strong><\/div>\r\n                              <div class=\"skill-bar\">\r\n                                <div class=\"skill-per\" id=\"80\"><\/div>\r\n                              <\/div>\r\n                            <\/div>\r\n                                                 <div class=\"skill mb-60\">\r\n                              <div class=\"skill-name\"><strong>Concept Art<\/strong><\/div>\r\n                              <div class=\"skill-bar\">\r\n                                <div class=\"skill-per\" id=\"75\"><\/div>\r\n                              <\/div>\r\n                            <\/div>\r\n                                         <\/div>\r\n                <\/div>\r\n                <\/div>\r\n            <\/div>\r\n\r\n        <\/div>\r\n    <\/div>\r\n<\/section>\r\n<!-- skill-area-end -->\t\t\t\t<\/div>\n\t\t\t\t<\/div>\n\t\t\t\t\t<\/div>\n\t\t<\/div>\n\t\t\t\t\t<\/div>\n\t\t<\/section>\n\t\t<div class=\"elementor-element elementor-element-fcb93c6 e-flex e-con-boxed e-con e-parent\" data-id=\"fcb93c6\" data-element_type=\"container\">\n\t\t\t\t\t<div class=\"e-con-inner\">\n\t\t\t\t\t<\/div>\n\t\t\t\t<\/div>\n\t\t\t\t<\/div>\n\t\t","protected":false},"excerpt":{"rendered":"<p>DIBUJO A L\u00c1PIZ VER M\u00c1S DIBUJO DIGITAL VER M\u00c1S MODELADO 3D VER M\u00c1S Fantasy Weapon &#8211; The Gunblade by AlfredoFeres on Sketchfab<\/p>\n","protected":false},"author":1,"featured_media":22,"parent":0,"menu_order":0,"comment_status":"closed","ping_status":"closed","template":"template-parts\/home-page.php","meta":{"footnotes":""},"class_list":["post-2913","page","type-page","status-publish","has-post-thumbnail","hentry"],"_links":{"self":[{"href":"https:\/\/alfredoferes.com\/index.php\/wp-json\/wp\/v2\/pages\/2913","targetHints":{"allow":["GET"]}}],"collection":[{"href":"https:\/\/alfredoferes.com\/index.php\/wp-json\/wp\/v2\/pages"}],"about":[{"href":"https:\/\/alfredoferes.com\/index.php\/wp-json\/wp\/v2\/types\/page"}],"author":[{"embeddable":true,"href":"https:\/\/alfredoferes.com\/index.php\/wp-json\/wp\/v2\/users\/1"}],"replies":[{"embeddable":true,"href":"https:\/\/alfredoferes.com\/index.php\/wp-json\/wp\/v2\/comments?post=2913"}],"version-history":[{"count":100,"href":"https:\/\/alfredoferes.com\/index.php\/wp-json\/wp\/v2\/pages\/2913\/revisions"}],"predecessor-version":[{"id":3118,"href":"https:\/\/alfredoferes.com\/index.php\/wp-json\/wp\/v2\/pages\/2913\/revisions\/3118"}],"wp:featuredmedia":[{"embeddable":true,"href":"https:\/\/alfredoferes.com\/index.php\/wp-json\/wp\/v2\/media\/22"}],"wp:attachment":[{"href":"https:\/\/alfredoferes.com\/index.php\/wp-json\/wp\/v2\/media?parent=2913"}],"curies":[{"name":"wp","href":"https:\/\/api.w.org\/{rel}","templated":true}]}}